{"id":403,"date":"2024-10-21T10:39:51","date_gmt":"2024-10-21T10:39:51","guid":{"rendered":"https:\/\/harryrijnen.com\/?page_id=403"},"modified":"2026-02-02T18:16:10","modified_gmt":"2026-02-02T18:16:10","slug":"home-nl","status":"publish","type":"page","link":"https:\/\/harryrijnen.com\/nl\/","title":{"rendered":"Harry Rijnen"},"content":{"rendered":"<p>[et_pb_section fb_built=&#8221;1&#8243; disabled_on=&#8221;on|on|on&#8221; _builder_version=&#8221;4.27.2&#8243; _module_preset=&#8221;default&#8221; background_color=&#8221;#ddda2a&#8221; custom_margin=&#8221;0px|0px|0px|0px|false|false&#8221; custom_padding=&#8221;0px|0px|0px|0px|false|false&#8221; sticky_position=&#8221;top&#8221; disabled=&#8221;on&#8221; global_colors_info=&#8221;{}&#8221;][et_pb_row column_structure=&#8221;1_4,1_2,1_4&#8243; use_custom_gutter=&#8221;on&#8221; gutter_width=&#8221;1&#8243; _builder_version=&#8221;4.27.2&#8243; _module_preset=&#8221;default&#8221; background_color=&#8221;#FFFFFF&#8221; width=&#8221;100%&#8221; max_width=&#8221;2560px&#8221; custom_margin=&#8221;|||0px|false|false&#8221; custom_padding=&#8221;|5%||75px|false|false&#8221; locked=&#8221;off&#8221; global_colors_info=&#8221;{}&#8221;][et_pb_column type=&#8221;1_4&#8243; _builder_version=&#8221;4.27.2&#8243; _module_preset=&#8221;default&#8221; global_colors_info=&#8221;{}&#8221;][et_pb_text _builder_version=&#8221;4.27.2&#8243; _dynamic_attributes=&#8221;link_option_url&#8221; _module_preset=&#8221;default&#8221; header_2_text_align=&#8221;left&#8221; header_2_font_size=&#8221;50px&#8221; link_option_url=&#8221;@ET-DC@eyJkeW5hbWljIjp0cnVlLCJjb250ZW50IjoiaG9tZV91cmwiLCJzZXR0aW5ncyI6e319@&#8221; global_colors_info=&#8221;{}&#8221; header_2_font_size__sticky_enabled=&#8221;on|sticky&#8221; header_2_font_size__sticky=&#8221;35px&#8221;]<\/p>\n<h2>Harry Rijnen<\/h2>\n<p>[\/et_pb_text][\/et_pb_column][et_pb_column type=&#8221;1_2&#8243; _builder_version=&#8221;4.27.2&#8243; _module_preset=&#8221;default&#8221; global_colors_info=&#8221;{}&#8221;][et_pb_menu menu_id=&#8221;26&#8243; active_link_color=&#8221;#333333&#8243; _builder_version=&#8221;4.27.2&#8243; _module_preset=&#8221;default&#8221; menu_font=&#8221;|600|||||||&#8221; menu_font_size=&#8221;18px&#8221; text_orientation=&#8221;right&#8221; custom_margin=&#8221;17px||0px||false|false&#8221; custom_padding=&#8221;||0px||false|false&#8221; global_colors_info=&#8221;{}&#8221; menu_font_size__hover_enabled=&#8221;on|hover&#8221; menu_font_size__hover=&#8221;18px&#8221;][\/et_pb_menu][\/et_pb_column][et_pb_column type=&#8221;1_4&#8243; _builder_version=&#8221;4.27.2&#8243; _module_preset=&#8221;default&#8221; global_colors_info=&#8221;{}&#8221;][et_pb_text _builder_version=&#8221;4.27.2&#8243; _module_preset=&#8221;default&#8221; text_orientation=&#8221;right&#8221; global_colors_info=&#8221;{}&#8221;]<\/p>\n<table class=\"widefat\">\n<tbody>\n<tr>\n<td id=\"xyz_ips_vAlign\">[xyz-ips snippet=&#8221;polylang&#8221;]<\/td>\n<\/tr>\n<\/tbody>\n<\/table>\n<p>[\/et_pb_text][\/et_pb_column][\/et_pb_row][\/et_pb_section][et_pb_section fb_built=&#8221;1&#8243; _builder_version=&#8221;4.27.2&#8243; custom_margin=&#8221;0px||0px||false|false&#8221; custom_padding=&#8221;0px||||false|false&#8221; global_colors_info=&#8221;{}&#8221;][et_pb_row column_structure=&#8221;1_2,1_2&#8243; make_equal=&#8221;on&#8221; custom_padding_last_edited=&#8221;on|phone&#8221; _builder_version=&#8221;4.27.3&#8243; _module_preset=&#8221;default&#8221; width=&#8221;100%&#8221; max_width=&#8221;2560px&#8221; custom_padding=&#8221;|||75px|false|false&#8221; custom_padding_tablet=&#8221;|||75px|false|false&#8221; custom_padding_phone=&#8221;|25px||25px|false|false&#8221; global_colors_info=&#8221;{}&#8221;][et_pb_column type=&#8221;1_2&#8243; _builder_version=&#8221;4.27.2&#8243; _module_preset=&#8221;default&#8221; global_colors_info=&#8221;{}&#8221;][et_pb_text _builder_version=&#8221;4.27.3&#8243; _module_preset=&#8221;default&#8221; text_font=&#8221;&#8211;et_global_heading_font||on||||||&#8221; text_font_size=&#8221;30px&#8221; text_line_height=&#8221;45px&#8221; animation_style=&#8221;fold&#8221; global_colors_info=&#8221;{}&#8221;]<\/p>\n<p>Taal was en is een fundamenteel onderdeel van het leven van Harry Rijnen (Breda, 1956). Momenteel geeft Harry theatrale lezingen en interactieve voordrachten over diverse thema\u2019s als de roman \u2018Moby Dick\u2019, de persoon Erasmus van Rotterdam en het Sint-Nicolaasfeest, zowel voor jongeren als voor volwassenen. De interactie met zijn publiek vormt een essentieel onderdeel van de optredens van Harry.<\/p>\n<p>[\/et_pb_text][et_pb_text _builder_version=&#8221;4.27.3&#8243; _module_preset=&#8221;default&#8221; text_font_size=&#8221;20px&#8221; animation_style=&#8221;fade&#8221; animation_duration=&#8221;1500ms&#8221; global_colors_info=&#8221;{}&#8221;]<\/p>\n<p>In zijn lange loopbaan was Harry perscorrespondent, tekstschrijver en bedrijfsadviseur. Hij heeft gewerkt in Madrid, Londen, New York en Den Haag. Hij spreekt vloeiend Nederlands, Spaans, Engels en Duits. Harry is een verwoed lezer van kranten, tijdschriften en boeken, zowel klassieke romans als \u2018non-fiction\u2019 over de menselijke essentie en essays over geschiedenis, politiek, economie.<\/p>\n<p>Harry woont momenteel in de Sierra Norte van de provincie Madrid. Naast lezen, schrijven en optreden houdt hij van Pilates, wandelen in de bergen, vogels observeren, genieten van de stilte in de natuur, tuinieren, dansen, reizen, cryptogrammen en een goed glas wijn. Sinds 2018 neemt hij regelmatig deel aan de programma\u2019s van improvisatie-theater en sociaal theater die de culturele vereniging P.L.A.Y. organiseert in de Sierra Norte.<\/p>\n<p>In zijn jonge jaren studeerde Harry cum laude af in Politieke Wetenschappen voor de Universiteit van Amsterdam en liep hij de marathon van Madrid in minder dan drie uur. Harry is lid van SEO Birdlife, Greenpeace en Amnesty International, naast enkele culturele verenigingen in de Sierra Norte. <\/p>\n<p>[\/et_pb_text][\/et_pb_column][et_pb_column type=&#8221;1_2&#8243; _builder_version=&#8221;4.27.2&#8243; _module_preset=&#8221;default&#8221; global_colors_info=&#8221;{}&#8221;][et_pb_image src=&#8221;https:\/\/harryrijnen.com\/wp-content\/uploads\/2025\/03\/Fot-Web-Harry.jpeg&#8221; title_text=&#8221;Fot Web Harry&#8221; _builder_version=&#8221;4.27.4&#8243; _module_preset=&#8221;default&#8221; sticky_position=&#8221;top&#8221; sticky_limit_bottom=&#8221;row&#8221; global_colors_info=&#8221;{}&#8221;][\/et_pb_image][\/et_pb_column][\/et_pb_row][\/et_pb_section][et_pb_section fb_built=&#8221;1&#8243; module_id=&#8221;charlas&#8221; _builder_version=&#8221;4.27.2&#8243; _module_preset=&#8221;default&#8221; custom_padding=&#8221;150px||||false|false&#8221; animation_style=&#8221;fade&#8221; animation_duration=&#8221;1500ms&#8221; global_colors_info=&#8221;{}&#8221;][et_pb_row custom_padding_last_edited=&#8221;on|phone&#8221; _builder_version=&#8221;4.27.3&#8243; _module_preset=&#8221;default&#8221; width=&#8221;100%&#8221; max_width=&#8221;2560px&#8221; custom_margin=&#8221;|70px||70px|false|false&#8221; custom_margin_tablet=&#8221;|70px||70px|false|false&#8221; custom_margin_phone=&#8221;|25px||25px|false|false&#8221; custom_margin_last_edited=&#8221;on|phone&#8221; custom_padding=&#8221;|150px|||false|false&#8221; custom_padding_tablet=&#8221;|150px|||false|false&#8221; custom_padding_phone=&#8221;|50px|||false|false&#8221; global_colors_info=&#8221;{}&#8221;][et_pb_column type=&#8221;4_4&#8243; _builder_version=&#8221;4.27.2&#8243; _module_preset=&#8221;default&#8221; global_colors_info=&#8221;{}&#8221;][et_pb_text _builder_version=&#8221;4.27.3&#8243; _module_preset=&#8221;default&#8221; header_font=&#8221;&#8211;et_global_body_font||||||||&#8221; header_2_font=&#8221;&#8211;et_global_body_font||||||||&#8221; header_2_font_size=&#8221;70px&#8221; global_colors_info=&#8221;{}&#8221;]<\/p>\n<h2>Optredens<\/h2>\n<p>[\/et_pb_text][et_pb_blog fullwidth=&#8221;off&#8221; posts_number=&#8221;3&#8243; include_categories=&#8221;202&#8243; show_author=&#8221;off&#8221; show_date=&#8221;off&#8221; show_categories=&#8221;off&#8221; use_overlay=&#8221;on&#8221; overlay_icon_color=&#8221;#333333&#8243; hover_overlay_color=&#8221;rgba(221,218,42,0.51)&#8221; hover_icon=&#8221;&#xf5ad;||fa||900&#8243; _builder_version=&#8221;4.27.5&#8243; _module_preset=&#8221;default&#8221; header_font=&#8221;&#8211;et_global_body_font||||||||&#8221; header_font_size=&#8221;28px&#8221; body_font_size=&#8221;20px&#8221; custom_css_free_form=&#8221;.et_pb_image_container {||    max-height: 200px !important;||    height: 200px !important;||    overflow: hidden !important;||}||&#8221; border_width_all=&#8221;0px&#8221; global_colors_info=&#8221;{}&#8221;][\/et_pb_blog][et_pb_button button_url=&#8221;https:\/\/harryrijnen.com\/nl\/optredens\/&#8221; button_text=&#8221;Meer&#8221; button_alignment=&#8221;right&#8221; _builder_version=&#8221;4.27.4&#8243; _module_preset=&#8221;default&#8221; custom_button=&#8221;on&#8221; button_text_color=&#8221;#333333&#8243; button_border_width=&#8221;0px&#8221; button_icon=&#8221;&#x4c;||divi||400&#8243; global_colors_info=&#8221;{}&#8221; button_bg_color__hover_enabled=&#8221;on|hover&#8221; button_bg_color__hover=&#8221;#FFFFFF&#8221; button_bg_enable_color__hover=&#8221;on&#8221;][\/et_pb_button][\/et_pb_column][\/et_pb_row][\/et_pb_section][et_pb_section fb_built=&#8221;1&#8243; _builder_version=&#8221;4.27.4&#8243; _module_preset=&#8221;default&#8221; custom_padding=&#8221;100px||||false|false&#8221; animation_style=&#8221;fade&#8221; animation_duration=&#8221;1500ms&#8221; global_colors_info=&#8221;{}&#8221;][et_pb_row _builder_version=&#8221;4.27.4&#8243; _module_preset=&#8221;default&#8221; width=&#8221;100%&#8221; max_width=&#8221;2560px&#8221; custom_margin=&#8221;|70px||70px|false|false&#8221; custom_margin_tablet=&#8221;|70px||70px|false|false&#8221; custom_margin_phone=&#8221;|25px||25px|false|false&#8221; custom_margin_last_edited=&#8221;on|desktop&#8221; custom_padding=&#8221;|50px|||false|false&#8221; global_colors_info=&#8221;{}&#8221;][et_pb_column type=&#8221;4_4&#8243; _builder_version=&#8221;4.27.2&#8243; _module_preset=&#8221;default&#8221; global_colors_info=&#8221;{}&#8221;][et_pb_text _builder_version=&#8221;4.27.3&#8243; _module_preset=&#8221;default&#8221; header_font=&#8221;&#8211;et_global_body_font||||||||&#8221; header_2_font=&#8221;&#8211;et_global_body_font||||||||&#8221; header_2_font_size=&#8221;70px&#8221; global_colors_info=&#8221;{}&#8221;]<\/p>\n<h2>Agenda<\/h2>\n<p>[\/et_pb_text][et_pb_blog fullwidth=&#8221;off&#8221; posts_number=&#8221;3&#8243; include_categories=&#8221;271&#8243; show_author=&#8221;off&#8221; show_date=&#8221;off&#8221; show_categories=&#8221;off&#8221; use_overlay=&#8221;on&#8221; overlay_icon_color=&#8221;#333333&#8243; hover_overlay_color=&#8221;rgba(221,218,42,0.51)&#8221; hover_icon=&#8221;&#xf5ad;||fa||900&#8243; _builder_version=&#8221;4.27.5&#8243; _module_preset=&#8221;default&#8221; header_font=&#8221;&#8211;et_global_body_font||||||||&#8221; header_font_size=&#8221;28px&#8221; body_font_size=&#8221;20px&#8221; hover_enabled=&#8221;0&#8243; custom_css_free_form=&#8221;.et_pb_image_container {||    max-height: 200px !important;||    height: 200px !important;||    overflow: hidden !important;||}||&#8221; border_width_all=&#8221;0px&#8221; global_colors_info=&#8221;{}&#8221; show_pagination=&#8221;off&#8221; sticky_enabled=&#8221;0&#8243;][\/et_pb_blog][et_pb_button button_url=&#8221;https:\/\/harryrijnen.com\/nl\/agenda\/&#8221; button_text=&#8221;Meer&#8221; button_alignment=&#8221;right&#8221; _builder_version=&#8221;4.27.4&#8243; _module_preset=&#8221;default&#8221; custom_button=&#8221;on&#8221; button_text_color=&#8221;#333333&#8243; button_border_width=&#8221;0px&#8221; button_icon=&#8221;&#x4c;||divi||400&#8243; global_colors_info=&#8221;{}&#8221; button_bg_color__hover_enabled=&#8221;on|hover&#8221; button_bg_color__hover=&#8221;#FFFFFF&#8221; button_bg_enable_color__hover=&#8221;on&#8221;][\/et_pb_button][\/et_pb_column][\/et_pb_row][\/et_pb_section][et_pb_section fb_built=&#8221;1&#8243; disabled_on=&#8221;off|off|off&#8221; module_id=&#8221;testimonios&#8221; _builder_version=&#8221;4.27.4&#8243; _module_preset=&#8221;default&#8221; custom_margin=&#8221;0px||||false|false&#8221; custom_padding=&#8221;0px||||false|false&#8221; animation_style=&#8221;fade&#8221; animation_duration=&#8221;1500ms&#8221; global_module=&#8221;1099&#8243; saved_tabs=&#8221;all&#8221; global_colors_info=&#8221;{}&#8221;][et_pb_row _builder_version=&#8221;4.27.2&#8243; _module_preset=&#8221;default&#8221; width=&#8221;100%&#8221; max_width=&#8221;2560px&#8221; custom_margin=&#8221;|70px||70px|false|false&#8221; custom_padding=&#8221;|150px|||false|false&#8221; global_colors_info=&#8221;{}&#8221;][et_pb_column type=&#8221;4_4&#8243; _builder_version=&#8221;4.27.2&#8243; _module_preset=&#8221;default&#8221; global_colors_info=&#8221;{}&#8221;][et_pb_text _builder_version=&#8221;4.27.4&#8243; _module_preset=&#8221;default&#8221; header_font=&#8221;&#8211;et_global_body_font||||||||&#8221; header_2_font=&#8221;&#8211;et_global_body_font||||||||&#8221; header_2_font_size=&#8221;70px&#8221; global_colors_info=&#8221;{}&#8221;]<\/p>\n<h2>Wat zeggen ze over Harry?<\/h2>\n<p>[\/et_pb_text][et_pb_slider arrows_custom_color=&#8221;#333333&#8243; admin_label=&#8221;Deslizador&#8221; _builder_version=&#8221;4.27.4&#8243; _module_preset=&#8221;default&#8221; header_font=&#8221;|600|||||||&#8221; body_font_size=&#8221;20px&#8221; body_line_height=&#8221;25px&#8221; background_color=&#8221;#FFFFFF&#8221; width=&#8221;100%&#8221; custom_margin=&#8221;0px||||false|false&#8221; custom_padding=&#8221;0px||0px||false|false&#8221; auto=&#8221;on&#8221; auto_speed=&#8221;10000&#8243; custom_css_free_form=&#8221;.et_pb_bg_layout_dark .et_pb_slide_description {||  text-shadow: none;||}&#8221; custom_css_slide_image=&#8221;width: 350px !important;&#8221; global_colors_info=&#8221;{}&#8221;][et_pb_slide heading=&#8221;Mar\u00eda Jos\u00e9 Calvo Gonz\u00e1lez, docente Nederlands aan de \u2018Facultad de Filolog\u00eda\u2019 van de &#8216;Universidad Complutense de Madrid'&#8221; image=&#8221;https:\/\/harryrijnen.com\/wp-content\/uploads\/2025\/03\/Maria-Jose-Calvo-Gonzalez.png&#8221; _builder_version=&#8221;4.27.4&#8243; _module_preset=&#8221;default&#8221; header_font=&#8221;&#8211;et_global_body_font||||||||&#8221; header_text_color=&#8221;#333333&#8243; header_font_size=&#8221;30px&#8221; body_font=&#8221;||on||||||&#8221; body_text_color=&#8221;#333333&#8243; background_enable_color=&#8221;off&#8221; custom_css_slide_title=&#8221;margin-bottom: 50px&#8221; border_radii_image=&#8221;on|50%|50%|50%|50%&#8221; global_colors_info=&#8221;{}&#8221; sticky_transition=&#8221;on&#8221;]<\/p>\n<p>&#8220;Al meer dan vijf jaar geeft Harry lezingen aan mijn studenten Nederlands over thema\u2019s uit het heden en verleden van Nederland en Belgi\u00eb, van de geschiedenis van Antwerpen tot het beeld van Nederlanders in buitenlandse karikaturen. We genieten van zijn voordrachten, want Harry weet zijn diepe kennis goed over te brengen en hij nodigt uit tot bezinning en discussie. Bovendien zijn de verhalen van Harry altijd onderhoudend!&#8221;<\/p>\n<p>[\/et_pb_slide][et_pb_slide heading=&#8221;M\u00e1ximo Al\u00e1ez Fern\u00e1ndez, lid van de \u2018Asociaci\u00f3n Cultural Chozas de la Sierra&#8217; (ACCS) in Soto del Real (Madrid)&#8221; image=&#8221;https:\/\/harryrijnen.com\/wp-content\/uploads\/2025\/03\/maximo-alez.png&#8221; _builder_version=&#8221;4.27.4&#8243; _module_preset=&#8221;default&#8221; header_font=&#8221;&#8211;et_global_body_font||||||||&#8221; header_text_color=&#8221;#333333&#8243; header_font_size=&#8221;30px&#8221; body_font=&#8221;||on||||||&#8221; body_text_color=&#8221;#333333&#8243; background_enable_color=&#8221;off&#8221; custom_css_slide_title=&#8221;margin-bottom: 50px&#8221; border_radii_image=&#8221;on|50%|50%|50%|50%&#8221; global_colors_info=&#8221;{}&#8221; sticky_transition=&#8221;on&#8221;]<\/p>\n<p>&#8220;Wil je een diepe duik maken in de wereld van \u2018Moby Dick\u2019, als een potvis in de oceaan? Doe het met Harry als gids! In zijn theatrale voordracht over dit meesterwerk en zijn schrijver Herman Melville krijgen de grote thema\u2019s van het boek al hun tragische kracht: de obsessie met wraak, het noodlot, macht, de strijd tussen rede en waanzin. Zo mochten wij het beleven tijdens het optreden van Harry in Soto del Real.&#8221;<\/p>\n<p>[\/et_pb_slide][et_pb_slide heading=&#8221;Pedro Almagro. Acteur. Docent aan de \u2018Escuela Superior de Arte Dram\u00e1tico\u2019 van Castilla y Le\u00f3n.&#8221; image=&#8221;https:\/\/harryrijnen.com\/wp-content\/uploads\/2025\/03\/Pedro-Almagro-scaled.jpg&#8221; _builder_version=&#8221;4.27.4&#8243; _module_preset=&#8221;default&#8221; header_font=&#8221;&#8211;et_global_body_font||||||||&#8221; header_text_color=&#8221;#333333&#8243; header_font_size=&#8221;30px&#8221; body_font=&#8221;||on||||||&#8221; body_text_color=&#8221;#333333&#8243; background_enable_color=&#8221;off&#8221; custom_css_slide_title=&#8221;margin-bottom: 50px&#8221; border_radii_image=&#8221;on|50%|50%|50%|50%&#8221; global_colors_info=&#8221;{}&#8221; sticky_transition=&#8221;on&#8221;]<\/p>\n<p>&#8220;Een man uit de Renaissance die ons verrast midden in de 21<sup>e<\/sup> eeuw. Zo kun je Harry het best defini\u00ebren. Zijn wijde kennis van geschiedenis en zijn analytische scherpte maken veel indruk. Harry\u2019s beste kwaliteiten zijn echter zijn charisma en de vriendelijkheid die hij aan de dag legt. Dat heb ik ervaren tijdens de vele maaltijden die ik met hem heb gedeeld. Ik hoop dat er nog veel volgen!&#8221;<\/p>\n<p>[\/et_pb_slide][et_pb_slide heading=&#8221;Par\u00eds Uki. Hoofd van de School voor sociaal theater Theater for inclusion. Groepspsychologe.&#8221; image=&#8221;https:\/\/harryrijnen.com\/wp-content\/uploads\/2025\/03\/Paris-Uki.png&#8221; _builder_version=&#8221;4.27.4&#8243; _module_preset=&#8221;default&#8221; header_font=&#8221;&#8211;et_global_body_font||||||||&#8221; header_text_color=&#8221;#333333&#8243; header_font_size=&#8221;30px&#8221; body_font=&#8221;||on||||||&#8221; body_text_color=&#8221;#333333&#8243; background_enable_color=&#8221;off&#8221; custom_css_slide_title=&#8221;margin-bottom: 50px&#8221; border_radii_image=&#8221;on|50%|50%|50%|50%&#8221; global_colors_info=&#8221;{}&#8221; sticky_transition=&#8221;on&#8221;]<\/p>\n<p>&#8220;Harry neemt sinds 2018 deel aan mijn lessen gemeenschapstheater en improvisatietheater. Door zijn positieve houding is hij een fijne deelnemer. Gedurende deze jaren van theatertraining heeft hij heel goede vaardigheden ontwikkeld als acteur en improvisator. Zijn \u2018schaamteloosheid\u2019 stelt hem in staat verschillende registers te openen als acteur. Wanneer Harry op het toneel staat, staat hij er \u00e9cht. Wat ik het meest in hem waardeer is zijn energie om nieuwe projecten te cre\u00ebren en om zijn theatertraining te gebruiken voor de ontwikkeling van nieuwe sociale activiteiten.&#8221;<\/p>\n<p>[\/et_pb_slide][et_pb_slide heading=&#8221;Sandra Movilla Gomato. Lerares Spaanse Taal en Letterkunde in de CEIPSO \u201cPe\u00f1alta\u201d (Openbare Middelbare School) in Buitrago del Lozoya (Madrid)&#8221; image=&#8221;https:\/\/harryrijnen.com\/wp-content\/uploads\/2025\/03\/Sandra-Movilla-Gomato-1.jpeg&#8221; _builder_version=&#8221;4.27.4&#8243; _module_preset=&#8221;default&#8221; header_font=&#8221;&#8211;et_global_body_font||||||||&#8221; header_text_color=&#8221;#333333&#8243; header_font_size=&#8221;30px&#8221; body_font=&#8221;||on||||||&#8221; body_text_color=&#8221;#333333&#8243; background_enable_color=&#8221;off&#8221; custom_css_slide_title=&#8221;margin-bottom: 50px&#8221; border_radii_image=&#8221;on|50%|50%|50%|50%&#8221; global_colors_info=&#8221;{}&#8221; sticky_transition=&#8221;on&#8221;]<\/p>\n<p>&#8220;Harry en ik gaan naar dezelfde lessen Improvisatietheater. Daar leerde ik hem kennen als een creatieve persoon die verschillende rollen kan spelen. Die eigenschap helpt hem om behendigheid en humor in zijn voordrachten te leggen. Daarom nodigde ik hem heel graag uit om zijn voordracht over Sint-Nicolaas te geven op mijn school. Mijn leerlingen genoten ervan, want Harry was heel vriendelijk, vertelde verhalen en anekdotes die ze niet kenden, betrok hen in de voordracht en nam hun gedachten heel serieus. Precies de goede houding!&#8221;<\/p>\n<p>[\/et_pb_slide][\/et_pb_slider][\/et_pb_column][\/et_pb_row][\/et_pb_section][et_pb_section fb_built=&#8221;1&#8243; disabled_on=&#8221;on|on|on&#8221; module_id=&#8221;contacto&#8221; _builder_version=&#8221;4.27.2&#8243; _module_preset=&#8221;default&#8221; background_color=&#8221;#ddda2a&#8221; disabled=&#8221;on&#8221; global_colors_info=&#8221;{}&#8221;][et_pb_row column_structure=&#8221;1_2,1_2&#8243; _builder_version=&#8221;4.27.2&#8243; _module_preset=&#8221;default&#8221; global_colors_info=&#8221;{}&#8221;][et_pb_column type=&#8221;1_2&#8243; _builder_version=&#8221;4.27.2&#8243; _module_preset=&#8221;default&#8221; global_colors_info=&#8221;{}&#8221;][et_pb_text _builder_version=&#8221;4.27.2&#8243; _module_preset=&#8221;default&#8221; text_font_size=&#8221;20px&#8221; text_line_height=&#8221;35px&#8221; link_text_color=&#8221;#333333&#8243; global_colors_info=&#8221;{}&#8221; link_text_color__hover_enabled=&#8221;on|hover&#8221; link_text_color__hover=&#8221;#333333&#8243;]<\/p>\n<p>Harry Rijnen<br \/>Tel \/ Whatsapp\/SMS: +34 659 876 72<br \/>Email: <a href=\"mailto:harry@harryrijnen.com\">harry@harryrijnen.com<\/a><\/p>\n<p>[\/et_pb_text][\/et_pb_column][et_pb_column type=&#8221;1_2&#8243; _builder_version=&#8221;4.27.2&#8243; _module_preset=&#8221;default&#8221; global_colors_info=&#8221;{}&#8221;][et_pb_social_media_follow _builder_version=&#8221;4.27.2&#8243; _module_preset=&#8221;default&#8221; global_colors_info=&#8221;{}&#8221;][et_pb_social_media_follow_network social_network=&#8221;facebook&#8221; icon_color=&#8221;#DDDA2A&#8221; use_icon_font_size=&#8221;on&#8221; icon_font_size=&#8221;19px&#8221; _builder_version=&#8221;4.27.2&#8243; _module_preset=&#8221;default&#8221; background_color=&#8221;#FFFFFF&#8221; background_enable_color=&#8221;on&#8221; custom_button=&#8221;on&#8221; border_radii=&#8221;on|50%|50%|50%|50%&#8221; global_colors_info=&#8221;{}&#8221; follow_button=&#8221;off&#8221; url_new_window=&#8221;on&#8221;]facebook[\/et_pb_social_media_follow_network][et_pb_social_media_follow_network social_network=&#8221;youtube&#8221; icon_color=&#8221;#DDDA2A&#8221; use_icon_font_size=&#8221;on&#8221; icon_font_size=&#8221;19px&#8221; _builder_version=&#8221;4.27.2&#8243; _module_preset=&#8221;default&#8221; background_color=&#8221;#FFFFFF&#8221; background_enable_color=&#8221;on&#8221; custom_button=&#8221;on&#8221; border_radii=&#8221;on|50%|50%|50%|50%&#8221; global_colors_info=&#8221;{}&#8221; follow_button=&#8221;off&#8221; url_new_window=&#8221;on&#8221;]youtube[\/et_pb_social_media_follow_network][et_pb_social_media_follow_network social_network=&#8221;twitter&#8221; icon_color=&#8221;#DDDA2A&#8221; use_icon_font_size=&#8221;on&#8221; icon_font_size=&#8221;19px&#8221; _builder_version=&#8221;4.27.2&#8243; _module_preset=&#8221;default&#8221; background_color=&#8221;#FFFFFF&#8221; background_enable_color=&#8221;on&#8221; custom_button=&#8221;on&#8221; border_radii=&#8221;on|50%|50%|50%|50%&#8221; global_colors_info=&#8221;{}&#8221; follow_button=&#8221;off&#8221; url_new_window=&#8221;on&#8221;]twitter[\/et_pb_social_media_follow_network][\/et_pb_social_media_follow][\/et_pb_column][\/et_pb_row][\/et_pb_section]<\/p>\n","protected":false},"excerpt":{"rendered":"<p>Harry Rijnen [xyz-ips snippet=&#8221;polylang&#8221;] Taal was en is een fundamenteel onderdeel van het leven van Harry Rijnen (Breda, 1956). Momenteel geeft Harry theatrale lezingen en interactieve voordrachten over diverse thema\u2019s als de roman \u2018Moby Dick\u2019, de persoon Erasmus van Rotterdam en het Sint-Nicolaasfeest, zowel voor jongeren als voor volwassenen. De interactie met zijn publiek vormt [&hellip;]<\/p>\n","protected":false},"author":1,"featured_media":0,"parent":0,"menu_order":0,"comment_status":"closed","ping_status":"closed","template":"","meta":{"_et_pb_use_builder":"on","_et_pb_old_content":"","_et_gb_content_width":"","footnotes":""},"class_list":["post-403","page","type-page","status-publish","hentry"],"_links":{"self":[{"href":"https:\/\/harryrijnen.com\/nl\/wp-json\/wp\/v2\/pages\/403","targetHints":{"allow":["GET"]}}],"collection":[{"href":"https:\/\/harryrijnen.com\/nl\/wp-json\/wp\/v2\/pages"}],"about":[{"href":"https:\/\/harryrijnen.com\/nl\/wp-json\/wp\/v2\/types\/page"}],"author":[{"embeddable":true,"href":"https:\/\/harryrijnen.com\/nl\/wp-json\/wp\/v2\/users\/1"}],"replies":[{"embeddable":true,"href":"https:\/\/harryrijnen.com\/nl\/wp-json\/wp\/v2\/comments?post=403"}],"version-history":[{"count":8,"href":"https:\/\/harryrijnen.com\/nl\/wp-json\/wp\/v2\/pages\/403\/revisions"}],"predecessor-version":[{"id":1578,"href":"https:\/\/harryrijnen.com\/nl\/wp-json\/wp\/v2\/pages\/403\/revisions\/1578"}],"wp:attachment":[{"href":"https:\/\/harryrijnen.com\/nl\/wp-json\/wp\/v2\/media?parent=403"}],"curies":[{"name":"wp","href":"https:\/\/api.w.org\/{rel}","templated":true}]}}