{"id":1087,"date":"2024-11-12T11:49:55","date_gmt":"2024-11-12T11:49:55","guid":{"rendered":"https:\/\/harryrijnen.com\/meningen-over-harry\/"},"modified":"2025-04-07T07:38:18","modified_gmt":"2025-04-07T07:38:18","slug":"meningen-over-harry","status":"publish","type":"page","link":"https:\/\/harryrijnen.com\/nl\/meningen-over-harry\/","title":{"rendered":"Meningen over Harry"},"content":{"rendered":"<p>[et_pb_section fb_built=&#8221;1&#8243; disabled_on=&#8221;off|off|off&#8221; module_id=&#8221;testimonios&#8221; _builder_version=&#8221;4.27.4&#8243; _module_preset=&#8221;default&#8221; custom_padding=&#8221;0px||||false|false&#8221; animation_style=&#8221;fade&#8221; animation_duration=&#8221;1500ms&#8221; hover_enabled=&#8221;0&#8243; global_module=&#8221;1099&#8243; global_colors_info=&#8221;{}&#8221; custom_margin=&#8221;0px||||false|false&#8221; sticky_enabled=&#8221;0&#8243;][et_pb_row _builder_version=&#8221;4.27.2&#8243; _module_preset=&#8221;default&#8221; width=&#8221;100%&#8221; max_width=&#8221;2560px&#8221; custom_margin=&#8221;|70px||70px|false|false&#8221; custom_padding=&#8221;|150px|||false|false&#8221; global_colors_info=&#8221;{}&#8221;][et_pb_column type=&#8221;4_4&#8243; _builder_version=&#8221;4.27.2&#8243; _module_preset=&#8221;default&#8221; global_colors_info=&#8221;{}&#8221;][et_pb_text _builder_version=&#8221;4.27.4&#8243; _module_preset=&#8221;default&#8221; header_font=&#8221;&#8211;et_global_body_font||||||||&#8221; header_2_font=&#8221;&#8211;et_global_body_font||||||||&#8221; header_2_font_size=&#8221;70px&#8221; global_colors_info=&#8221;{}&#8221;]<\/p>\n<h2>Wat zeggen ze over Harry?<\/h2>\n<p>[\/et_pb_text][et_pb_slider arrows_custom_color=&#8221;#333333&#8243; admin_label=&#8221;Deslizador&#8221; _builder_version=&#8221;4.27.4&#8243; _module_preset=&#8221;default&#8221; header_font=&#8221;|600|||||||&#8221; body_font_size=&#8221;20px&#8221; body_line_height=&#8221;25px&#8221; background_color=&#8221;#FFFFFF&#8221; width=&#8221;100%&#8221; custom_margin=&#8221;0px||||false|false&#8221; custom_padding=&#8221;0px||0px||false|false&#8221; auto=&#8221;on&#8221; auto_speed=&#8221;10000&#8243; custom_css_free_form=&#8221;.et_pb_bg_layout_dark .et_pb_slide_description {||  text-shadow: none;||}&#8221; custom_css_slide_image=&#8221;width: 350px !important;&#8221; global_colors_info=&#8221;{}&#8221;][et_pb_slide heading=&#8221;Mar\u00eda Jos\u00e9 Calvo Gonz\u00e1lez, docente Nederlands aan de \u2018Facultad de Filolog\u00eda\u2019 van de &#8216;Universidad Complutense de Madrid'&#8221; image=&#8221;https:\/\/harryrijnen.com\/wp-content\/uploads\/2025\/03\/Maria-Jose-Calvo-Gonzalez.png&#8221; _builder_version=&#8221;4.27.4&#8243; _module_preset=&#8221;default&#8221; header_font=&#8221;&#8211;et_global_body_font||||||||&#8221; header_text_color=&#8221;#333333&#8243; header_font_size=&#8221;30px&#8221; body_font=&#8221;||on||||||&#8221; body_text_color=&#8221;#333333&#8243; background_enable_color=&#8221;off&#8221; custom_css_slide_title=&#8221;margin-bottom: 50px&#8221; border_radii_image=&#8221;on|50%|50%|50%|50%&#8221; global_colors_info=&#8221;{}&#8221; sticky_transition=&#8221;on&#8221;]<\/p>\n<p>&#8220;Al meer dan vijf jaar geeft Harry lezingen aan mijn studenten Nederlands over thema\u2019s uit het heden en verleden van Nederland en Belgi\u00eb, van de geschiedenis van Antwerpen tot het beeld van Nederlanders in buitenlandse karikaturen. We genieten van zijn voordrachten, want Harry weet zijn diepe kennis goed over te brengen en hij nodigt uit tot bezinning en discussie. Bovendien zijn de verhalen van Harry altijd onderhoudend!&#8221;<\/p>\n<p>[\/et_pb_slide][et_pb_slide heading=&#8221;M\u00e1ximo Al\u00e1ez Fern\u00e1ndez, lid van de \u2018Asociaci\u00f3n Cultural Chozas de la Sierra&#8217; (ACCS) in Soto del Real (Madrid)&#8221; image=&#8221;https:\/\/harryrijnen.com\/wp-content\/uploads\/2025\/03\/maximo-alez.png&#8221; _builder_version=&#8221;4.27.4&#8243; _module_preset=&#8221;default&#8221; header_font=&#8221;&#8211;et_global_body_font||||||||&#8221; header_text_color=&#8221;#333333&#8243; header_font_size=&#8221;30px&#8221; body_font=&#8221;||on||||||&#8221; body_text_color=&#8221;#333333&#8243; background_enable_color=&#8221;off&#8221; custom_css_slide_title=&#8221;margin-bottom: 50px&#8221; border_radii_image=&#8221;on|50%|50%|50%|50%&#8221; global_colors_info=&#8221;{}&#8221; sticky_transition=&#8221;on&#8221;]<\/p>\n<p>&#8220;Wil je een diepe duik maken in de wereld van \u2018Moby Dick\u2019, als een potvis in de oceaan? Doe het met Harry als gids! In zijn theatrale voordracht over dit meesterwerk en zijn schrijver Herman Melville krijgen de grote thema\u2019s van het boek al hun tragische kracht: de obsessie met wraak, het noodlot, macht, de strijd tussen rede en waanzin. Zo mochten wij het beleven tijdens het optreden van Harry in Soto del Real.&#8221;<\/p>\n<p>[\/et_pb_slide][et_pb_slide heading=&#8221;Pedro Almagro. Acteur. Docent aan de \u2018Escuela Superior de Arte Dram\u00e1tico\u2019 van Castilla y Le\u00f3n.&#8221; image=&#8221;https:\/\/harryrijnen.com\/wp-content\/uploads\/2025\/03\/Pedro-Almagro-scaled.jpg&#8221; _builder_version=&#8221;4.27.4&#8243; _module_preset=&#8221;default&#8221; header_font=&#8221;&#8211;et_global_body_font||||||||&#8221; header_text_color=&#8221;#333333&#8243; header_font_size=&#8221;30px&#8221; body_font=&#8221;||on||||||&#8221; body_text_color=&#8221;#333333&#8243; background_enable_color=&#8221;off&#8221; custom_css_slide_title=&#8221;margin-bottom: 50px&#8221; border_radii_image=&#8221;on|50%|50%|50%|50%&#8221; global_colors_info=&#8221;{}&#8221; sticky_transition=&#8221;on&#8221;]<\/p>\n<p>&#8220;Een man uit de Renaissance die ons verrast midden in de 21<sup>e<\/sup> eeuw. Zo kun je Harry het best defini\u00ebren. Zijn wijde kennis van geschiedenis en zijn analytische scherpte maken veel indruk. Harry\u2019s beste kwaliteiten zijn echter zijn charisma en de vriendelijkheid die hij aan de dag legt. Dat heb ik ervaren tijdens de vele maaltijden die ik met hem heb gedeeld. Ik hoop dat er nog veel volgen!&#8221;<\/p>\n<p>[\/et_pb_slide][et_pb_slide heading=&#8221;Par\u00eds Uki. Hoofd van de School voor sociaal theater Theater for inclusion. Groepspsychologe.&#8221; image=&#8221;https:\/\/harryrijnen.com\/wp-content\/uploads\/2025\/03\/Paris-Uki.png&#8221; _builder_version=&#8221;4.27.4&#8243; _module_preset=&#8221;default&#8221; header_font=&#8221;&#8211;et_global_body_font||||||||&#8221; header_text_color=&#8221;#333333&#8243; header_font_size=&#8221;30px&#8221; body_font=&#8221;||on||||||&#8221; body_text_color=&#8221;#333333&#8243; background_enable_color=&#8221;off&#8221; custom_css_slide_title=&#8221;margin-bottom: 50px&#8221; border_radii_image=&#8221;on|50%|50%|50%|50%&#8221; global_colors_info=&#8221;{}&#8221; sticky_transition=&#8221;on&#8221;]<\/p>\n<p>&#8220;Harry neemt sinds 2018 deel aan mijn lessen gemeenschapstheater en improvisatietheater. Door zijn positieve houding is hij een fijne deelnemer. Gedurende deze jaren van theatertraining heeft hij heel goede vaardigheden ontwikkeld als acteur en improvisator. Zijn \u2018schaamteloosheid\u2019 stelt hem in staat verschillende registers te openen als acteur. Wanneer Harry op het toneel staat, staat hij er \u00e9cht. Wat ik het meest in hem waardeer is zijn energie om nieuwe projecten te cre\u00ebren en om zijn theatertraining te gebruiken voor de ontwikkeling van nieuwe sociale activiteiten.&#8221;<\/p>\n<p>[\/et_pb_slide][et_pb_slide heading=&#8221;Sandra Movilla Gomato. Lerares Spaanse Taal en Letterkunde in de CEIPSO \u201cPe\u00f1alta\u201d (Openbare Middelbare School) in Buitrago del Lozoya (Madrid)&#8221; image=&#8221;https:\/\/harryrijnen.com\/wp-content\/uploads\/2025\/03\/Sandra-Movilla-Gomato-1.jpeg&#8221; _builder_version=&#8221;4.27.4&#8243; _module_preset=&#8221;default&#8221; header_font=&#8221;&#8211;et_global_body_font||||||||&#8221; header_text_color=&#8221;#333333&#8243; header_font_size=&#8221;30px&#8221; body_font=&#8221;||on||||||&#8221; body_text_color=&#8221;#333333&#8243; background_enable_color=&#8221;off&#8221; custom_css_slide_title=&#8221;margin-bottom: 50px&#8221; border_radii_image=&#8221;on|50%|50%|50%|50%&#8221; global_colors_info=&#8221;{}&#8221; sticky_transition=&#8221;on&#8221;]<\/p>\n<p>&#8220;Harry en ik gaan naar dezelfde lessen Improvisatietheater. Daar leerde ik hem kennen als een creatieve persoon die verschillende rollen kan spelen. Die eigenschap helpt hem om behendigheid en humor in zijn voordrachten te leggen. Daarom nodigde ik hem heel graag uit om zijn voordracht over Sint-Nicolaas te geven op mijn school. Mijn leerlingen genoten ervan, want Harry was heel vriendelijk, vertelde verhalen en anekdotes die ze niet kenden, betrok hen in de voordracht en nam hun gedachten heel serieus. Precies de goede houding!&#8221;<\/p>\n<p>[\/et_pb_slide][\/et_pb_slider][\/et_pb_column][\/et_pb_row][\/et_pb_section]<\/p>\n","protected":false},"excerpt":{"rendered":"<p>Wat zeggen ze over Harry?&#8221;Al meer dan vijf jaar geeft Harry lezingen aan mijn studenten Nederlands over thema\u2019s uit het heden en verleden van Nederland en Belgi\u00eb, van de geschiedenis van Antwerpen tot het beeld van Nederlanders in buitenlandse karikaturen. We genieten van zijn voordrachten, want Harry weet zijn diepe kennis goed over te brengen [&hellip;]<\/p>\n","protected":false},"author":1,"featured_media":0,"parent":0,"menu_order":0,"comment_status":"closed","ping_status":"closed","template":"","meta":{"_et_pb_use_builder":"on","_et_pb_old_content":"","_et_gb_content_width":"","footnotes":""},"class_list":["post-1087","page","type-page","status-publish","hentry"],"_links":{"self":[{"href":"https:\/\/harryrijnen.com\/nl\/wp-json\/wp\/v2\/pages\/1087","targetHints":{"allow":["GET"]}}],"collection":[{"href":"https:\/\/harryrijnen.com\/nl\/wp-json\/wp\/v2\/pages"}],"about":[{"href":"https:\/\/harryrijnen.com\/nl\/wp-json\/wp\/v2\/types\/page"}],"author":[{"embeddable":true,"href":"https:\/\/harryrijnen.com\/nl\/wp-json\/wp\/v2\/users\/1"}],"replies":[{"embeddable":true,"href":"https:\/\/harryrijnen.com\/nl\/wp-json\/wp\/v2\/comments?post=1087"}],"version-history":[{"count":5,"href":"https:\/\/harryrijnen.com\/nl\/wp-json\/wp\/v2\/pages\/1087\/revisions"}],"predecessor-version":[{"id":1180,"href":"https:\/\/harryrijnen.com\/nl\/wp-json\/wp\/v2\/pages\/1087\/revisions\/1180"}],"wp:attachment":[{"href":"https:\/\/harryrijnen.com\/nl\/wp-json\/wp\/v2\/media?parent=1087"}],"curies":[{"name":"wp","href":"https:\/\/api.w.org\/{rel}","templated":true}]}}