{"id":394,"date":"2024-10-21T10:39:51","date_gmt":"2024-10-21T10:39:51","guid":{"rendered":"https:\/\/harryrijnen.com\/?page_id=394"},"modified":"2026-02-02T18:25:05","modified_gmt":"2026-02-02T18:25:05","slug":"home-en","status":"publish","type":"page","link":"https:\/\/harryrijnen.com\/en\/","title":{"rendered":"Harry Rijnen"},"content":{"rendered":"<p>[et_pb_section fb_built=&#8221;1&#8243; disabled_on=&#8221;on|on|on&#8221; _builder_version=&#8221;4.27.2&#8243; _module_preset=&#8221;default&#8221; background_color=&#8221;#ddda2a&#8221; custom_margin=&#8221;0px|0px|0px|0px|false|false&#8221; custom_padding=&#8221;0px|0px|0px|0px|false|false&#8221; sticky_position=&#8221;top&#8221; disabled=&#8221;on&#8221; global_colors_info=&#8221;{}&#8221;][et_pb_row column_structure=&#8221;1_4,1_2,1_4&#8243; use_custom_gutter=&#8221;on&#8221; gutter_width=&#8221;1&#8243; _builder_version=&#8221;4.27.2&#8243; _module_preset=&#8221;default&#8221; background_color=&#8221;#FFFFFF&#8221; width=&#8221;100%&#8221; max_width=&#8221;2560px&#8221; custom_margin=&#8221;|||0px|false|false&#8221; custom_padding=&#8221;|5%||75px|false|false&#8221; locked=&#8221;off&#8221; global_colors_info=&#8221;{}&#8221;][et_pb_column type=&#8221;1_4&#8243; _builder_version=&#8221;4.27.2&#8243; _module_preset=&#8221;default&#8221; global_colors_info=&#8221;{}&#8221;][et_pb_text _builder_version=&#8221;4.27.2&#8243; _dynamic_attributes=&#8221;link_option_url&#8221; _module_preset=&#8221;default&#8221; header_2_text_align=&#8221;left&#8221; header_2_font_size=&#8221;50px&#8221; link_option_url=&#8221;@ET-DC@eyJkeW5hbWljIjp0cnVlLCJjb250ZW50IjoiaG9tZV91cmwiLCJzZXR0aW5ncyI6e319@&#8221; global_colors_info=&#8221;{}&#8221; header_2_font_size__sticky_enabled=&#8221;on|sticky&#8221; header_2_font_size__sticky=&#8221;35px&#8221;]<\/p>\n<h2>Harry Rijnen<\/h2>\n<p>[\/et_pb_text][\/et_pb_column][et_pb_column type=&#8221;1_2&#8243; _builder_version=&#8221;4.27.2&#8243; _module_preset=&#8221;default&#8221; global_colors_info=&#8221;{}&#8221;][et_pb_menu menu_id=&#8221;55&#8243; active_link_color=&#8221;#333333&#8243; _builder_version=&#8221;4.27.4&#8243; _module_preset=&#8221;default&#8221; menu_font=&#8221;|600|||||||&#8221; menu_font_size=&#8221;18px&#8221; text_orientation=&#8221;right&#8221; custom_margin=&#8221;17px||0px||false|false&#8221; custom_padding=&#8221;||0px||false|false&#8221; global_colors_info=&#8221;{}&#8221; menu_font_size__hover_enabled=&#8221;on|hover&#8221; menu_font_size__hover=&#8221;18px&#8221;][\/et_pb_menu][\/et_pb_column][et_pb_column type=&#8221;1_4&#8243; _builder_version=&#8221;4.27.2&#8243; _module_preset=&#8221;default&#8221; global_colors_info=&#8221;{}&#8221;][et_pb_text _builder_version=&#8221;4.27.2&#8243; _module_preset=&#8221;default&#8221; text_orientation=&#8221;right&#8221; global_colors_info=&#8221;{}&#8221;]<\/p>\n<table class=\"widefat\">\n<tbody>\n<tr>\n<td id=\"xyz_ips_vAlign\">[xyz-ips snippet=&#8221;polylang&#8221;]<\/td>\n<\/tr>\n<\/tbody>\n<\/table>\n<p>[\/et_pb_text][\/et_pb_column][\/et_pb_row][\/et_pb_section][et_pb_section fb_built=&#8221;1&#8243; _builder_version=&#8221;4.27.2&#8243; custom_margin=&#8221;0px||0px||false|false&#8221; custom_padding=&#8221;0px||||false|false&#8221; global_colors_info=&#8221;{}&#8221;][et_pb_row column_structure=&#8221;1_2,1_2&#8243; make_equal=&#8221;on&#8221; custom_padding_last_edited=&#8221;on|phone&#8221; _builder_version=&#8221;4.27.3&#8243; _module_preset=&#8221;default&#8221; width=&#8221;100%&#8221; max_width=&#8221;2560px&#8221; custom_padding=&#8221;|||75px|false|false&#8221; custom_padding_tablet=&#8221;|||75px|false|false&#8221; custom_padding_phone=&#8221;|25px||25px|false|false&#8221; global_colors_info=&#8221;{}&#8221;][et_pb_column type=&#8221;1_2&#8243; _builder_version=&#8221;4.27.2&#8243; _module_preset=&#8221;default&#8221; global_colors_info=&#8221;{}&#8221;][et_pb_text _builder_version=&#8221;4.27.3&#8243; _module_preset=&#8221;default&#8221; text_font=&#8221;&#8211;et_global_heading_font||on||||||&#8221; text_font_size=&#8221;30px&#8221; text_line_height=&#8221;45px&#8221; animation_style=&#8221;fold&#8221; global_colors_info=&#8221;{}&#8221;]<\/p>\n<p>Language has always been fundamental to the life of Harry Rijnen (Breda, The Netherlands, 1956). Currently, Harry gives dramatized talks and presentations to teenagers and adults on a range of subjects such as the novel \u2018Moby Dick\u2019, the personality of Erasmus of Rotterdam and the Saint Nicholas Festivity. Interaction with his public is always an essential part of his performances.<\/p>\n<p>[\/et_pb_text][et_pb_text _builder_version=&#8221;4.27.3&#8243; _module_preset=&#8221;default&#8221; text_font_size=&#8221;20px&#8221; animation_style=&#8221;fade&#8221; animation_duration=&#8221;1500ms&#8221; global_colors_info=&#8221;{}&#8221;]<\/p>\n<p>During his long professional career, Harry was a press correspondent, text writer and consultant, working in Madrid, London, New York and The Hague. He is fluent in Dutch, Spanish, English and German. Harry is an avid reader of the press and books, ranging from classical novels to works of non-fiction regarding the human essence as well as essays on history, politics and economics.<\/p>\n<p>Harry currently lives in the Sierra Norte in Madrid. In addition to reading, writing and acting, he enjoys doing Pilates, walking in the mountains, bird watching, listening to the silence of nature, gardening, dancing, travelling, solving cryptic crosswords and drinking a good glass of wine. Since 2018, he has participated regularly in the Community Theater and Improvisation Theater programs offered by the cultural association P.L.A.Y. in the Sierra Norte.<\/p>\n<p>In his younger years, Harry graduated with honors in Political Science from the University of Amsterdam and ran the Madrid marathon in less than three hours. He is a member of SEO Birdlife, Greenpeace and Amnesty International, in addition to several cultural associations in the Sierra Norte. <\/p>\n<p>[\/et_pb_text][\/et_pb_column][et_pb_column type=&#8221;1_2&#8243; _builder_version=&#8221;4.27.2&#8243; _module_preset=&#8221;default&#8221; global_colors_info=&#8221;{}&#8221;][et_pb_image src=&#8221;https:\/\/harryrijnen.com\/wp-content\/uploads\/2025\/03\/Fot-Web-Harry.jpeg&#8221; title_text=&#8221;Fot Web Harry&#8221; _builder_version=&#8221;4.27.4&#8243; _module_preset=&#8221;default&#8221; sticky_position=&#8221;top&#8221; sticky_limit_bottom=&#8221;row&#8221; global_colors_info=&#8221;{}&#8221;][\/et_pb_image][\/et_pb_column][\/et_pb_row][\/et_pb_section][et_pb_section fb_built=&#8221;1&#8243; module_id=&#8221;charlas&#8221; _builder_version=&#8221;4.27.2&#8243; _module_preset=&#8221;default&#8221; custom_padding=&#8221;150px||||false|false&#8221; animation_style=&#8221;fade&#8221; animation_duration=&#8221;1500ms&#8221; global_colors_info=&#8221;{}&#8221;][et_pb_row custom_padding_last_edited=&#8221;on|phone&#8221; _builder_version=&#8221;4.27.3&#8243; _module_preset=&#8221;default&#8221; width=&#8221;100%&#8221; max_width=&#8221;2560px&#8221; custom_margin=&#8221;|70px||70px|false|false&#8221; custom_margin_tablet=&#8221;|70px||70px|false|false&#8221; custom_margin_phone=&#8221;|25px||25px|false|false&#8221; custom_margin_last_edited=&#8221;on|phone&#8221; custom_padding=&#8221;|150px|||false|false&#8221; custom_padding_tablet=&#8221;|150px|||false|false&#8221; custom_padding_phone=&#8221;|50px|||false|false&#8221; global_colors_info=&#8221;{}&#8221;][et_pb_column type=&#8221;4_4&#8243; _builder_version=&#8221;4.27.2&#8243; _module_preset=&#8221;default&#8221; global_colors_info=&#8221;{}&#8221;][et_pb_text _builder_version=&#8221;4.27.3&#8243; _module_preset=&#8221;default&#8221; header_font=&#8221;&#8211;et_global_body_font||||||||&#8221; header_2_font=&#8221;&#8211;et_global_body_font||||||||&#8221; header_2_font_size=&#8221;70px&#8221; global_colors_info=&#8221;{}&#8221;]<\/p>\n<h2>Talks<\/h2>\n<p>[\/et_pb_text][et_pb_blog fullwidth=&#8221;off&#8221; posts_number=&#8221;3&#8243; include_categories=&#8221;203&#8243; show_author=&#8221;off&#8221; show_date=&#8221;off&#8221; show_categories=&#8221;off&#8221; use_overlay=&#8221;on&#8221; overlay_icon_color=&#8221;#333333&#8243; hover_overlay_color=&#8221;rgba(221,218,42,0.51)&#8221; hover_icon=&#8221;&#xf5ad;||fa||900&#8243; _builder_version=&#8221;4.27.5&#8243; _module_preset=&#8221;default&#8221; header_font=&#8221;&#8211;et_global_body_font||||||||&#8221; header_font_size=&#8221;28px&#8221; body_font_size=&#8221;20px&#8221; hover_enabled=&#8221;0&#8243; custom_css_free_form=&#8221;.et_pb_image_container {||    max-height: 200px !important;||    height: 200px !important;||    overflow: hidden !important;||}||&#8221; border_width_all=&#8221;0px&#8221; global_colors_info=&#8221;{}&#8221; sticky_enabled=&#8221;0&#8243;][\/et_pb_blog][et_pb_button button_url=&#8221;https:\/\/harryrijnen.com\/en\/talks\/&#8221; button_text=&#8221;More&#8221; button_alignment=&#8221;right&#8221; _builder_version=&#8221;4.27.4&#8243; _module_preset=&#8221;default&#8221; custom_button=&#8221;on&#8221; button_text_color=&#8221;#333333&#8243; button_border_width=&#8221;0px&#8221; button_icon=&#8221;&#x4c;||divi||400&#8243; global_colors_info=&#8221;{}&#8221; button_bg_color__hover_enabled=&#8221;on|hover&#8221; button_bg_color__hover=&#8221;#FFFFFF&#8221; button_bg_enable_color__hover=&#8221;on&#8221;][\/et_pb_button][\/et_pb_column][\/et_pb_row][\/et_pb_section][et_pb_section fb_built=&#8221;1&#8243; _builder_version=&#8221;4.27.4&#8243; _module_preset=&#8221;default&#8221; custom_padding=&#8221;100px||||false|false&#8221; animation_style=&#8221;fade&#8221; animation_duration=&#8221;1500ms&#8221; global_colors_info=&#8221;{}&#8221;][et_pb_row _builder_version=&#8221;4.27.4&#8243; _module_preset=&#8221;default&#8221; width=&#8221;100%&#8221; max_width=&#8221;2560px&#8221; custom_margin=&#8221;|70px||70px|false|false&#8221; custom_margin_tablet=&#8221;|70px||70px|false|false&#8221; custom_margin_phone=&#8221;|25px||25px|false|false&#8221; custom_margin_last_edited=&#8221;on|phone&#8221; custom_padding=&#8221;|50px|||false|false&#8221; global_colors_info=&#8221;{}&#8221;][et_pb_column type=&#8221;4_4&#8243; _builder_version=&#8221;4.27.2&#8243; _module_preset=&#8221;default&#8221; global_colors_info=&#8221;{}&#8221;][et_pb_text _builder_version=&#8221;4.27.4&#8243; _module_preset=&#8221;default&#8221; header_font=&#8221;&#8211;et_global_body_font||||||||&#8221; header_2_font=&#8221;&#8211;et_global_body_font||||||||&#8221; header_2_font_size=&#8221;70px&#8221; global_colors_info=&#8221;{}&#8221;]<\/p>\n<h2>Agenda<\/h2>\n<p>[\/et_pb_text][et_pb_blog fullwidth=&#8221;off&#8221; posts_number=&#8221;3&#8243; include_categories=&#8221;272&#8243; show_author=&#8221;off&#8221; show_date=&#8221;off&#8221; show_categories=&#8221;off&#8221; show_pagination=&#8221;off&#8221; use_overlay=&#8221;on&#8221; overlay_icon_color=&#8221;#333333&#8243; hover_overlay_color=&#8221;rgba(221,218,42,0.51)&#8221; hover_icon=&#8221;&#xf5ad;||fa||900&#8243; _builder_version=&#8221;4.27.5&#8243; _module_preset=&#8221;default&#8221; header_font=&#8221;&#8211;et_global_body_font||||||||&#8221; header_font_size=&#8221;28px&#8221; body_font_size=&#8221;20px&#8221; custom_css_free_form=&#8221;.et_pb_image_container {||    margin: 0px !important;||||}||&#8221; border_width_all=&#8221;0px&#8221; global_colors_info=&#8221;{}&#8221;][\/et_pb_blog][et_pb_button button_url=&#8221;https:\/\/harryrijnen.com\/en\/agenda&#8221; button_text=&#8221;More&#8221; button_alignment=&#8221;right&#8221; _builder_version=&#8221;4.27.4&#8243; _module_preset=&#8221;default&#8221; custom_button=&#8221;on&#8221; button_text_color=&#8221;#333333&#8243; button_border_width=&#8221;0px&#8221; button_icon=&#8221;&#x4c;||divi||400&#8243; global_colors_info=&#8221;{}&#8221; button_bg_color__hover_enabled=&#8221;on|hover&#8221; button_bg_color__hover=&#8221;#FFFFFF&#8221; button_bg_enable_color__hover=&#8221;on&#8221;][\/et_pb_button][\/et_pb_column][\/et_pb_row][\/et_pb_section][et_pb_section fb_built=&#8221;1&#8243; disabled_on=&#8221;off|off|off&#8221; module_id=&#8221;testimonios&#8221; _builder_version=&#8221;4.27.4&#8243; _module_preset=&#8221;default&#8221; custom_margin=&#8221;0px||||false|false&#8221; custom_padding=&#8221;0px||||false|false&#8221; animation_style=&#8221;fade&#8221; animation_duration=&#8221;1500ms&#8221; global_module=&#8221;1096&#8243; saved_tabs=&#8221;all&#8221; global_colors_info=&#8221;{}&#8221;][et_pb_row _builder_version=&#8221;4.27.2&#8243; _module_preset=&#8221;default&#8221; width=&#8221;100%&#8221; max_width=&#8221;2560px&#8221; custom_margin=&#8221;|70px||70px|false|false&#8221; custom_padding=&#8221;|150px|||false|false&#8221; global_colors_info=&#8221;{}&#8221;][et_pb_column type=&#8221;4_4&#8243; _builder_version=&#8221;4.27.2&#8243; _module_preset=&#8221;default&#8221; global_colors_info=&#8221;{}&#8221;][et_pb_text _builder_version=&#8221;4.27.4&#8243; _module_preset=&#8221;default&#8221; header_font=&#8221;&#8211;et_global_body_font||||||||&#8221; header_2_font=&#8221;&#8211;et_global_body_font||||||||&#8221; header_2_font_size=&#8221;70px&#8221; global_colors_info=&#8221;{}&#8221;]<\/p>\n<h2>What do they say about Harry?<\/h2>\n<p>[\/et_pb_text][et_pb_slider arrows_custom_color=&#8221;#333333&#8243; admin_label=&#8221;Deslizador&#8221; _builder_version=&#8221;4.27.4&#8243; _module_preset=&#8221;default&#8221; header_font=&#8221;|600|||||||&#8221; body_font_size=&#8221;20px&#8221; body_line_height=&#8221;25px&#8221; background_color=&#8221;#FFFFFF&#8221; width=&#8221;100%&#8221; custom_margin=&#8221;0px||||false|false&#8221; custom_padding=&#8221;0px||0px||false|false&#8221; auto=&#8221;on&#8221; auto_speed=&#8221;10000&#8243; custom_css_free_form=&#8221;.et_pb_bg_layout_dark .et_pb_slide_description {||  text-shadow: none;||}&#8221; custom_css_slide_image=&#8221;width: 350px !important;&#8221; global_colors_info=&#8221;{}&#8221;][et_pb_slide heading=&#8221;Mar\u00eda Jos\u00e9 Calvo Gonz\u00e1lez, teacher of Dutch as a foreign language in the \u2018Facultad de Filolog\u00eda\u2019 of the \u2018Universidad Complutense de Madrid\u2019&#8221; image=&#8221;https:\/\/harryrijnen.com\/wp-content\/uploads\/2025\/03\/Maria-Jose-Calvo-Gonzalez.png&#8221; _builder_version=&#8221;4.27.4&#8243; _module_preset=&#8221;default&#8221; header_font=&#8221;&#8211;et_global_body_font||||||||&#8221; header_text_color=&#8221;#333333&#8243; header_font_size=&#8221;30px&#8221; body_font=&#8221;||on||||||&#8221; body_text_color=&#8221;#333333&#8243; background_enable_color=&#8221;off&#8221; custom_css_slide_title=&#8221;margin-bottom: 50px&#8221; border_radii_image=&#8221;on|50%|50%|50%|50%&#8221; global_colors_info=&#8221;{}&#8221; sticky_transition=&#8221;on&#8221;]<\/p>\n<p>&#8220;For more than five years, Harry has given conferences to my students about topics related to the past and present of The Netherlands and Belgium, from the history of Antwerp to the image of the Dutch in foreign caricatures. We love his talks, because Harry knows how to transmit his profound knowledge and invites us to reflect and debate. Moreover, Harry\u2019s stories are always entertaining!&#8221;<\/p>\n<p>[\/et_pb_slide][et_pb_slide heading=&#8221;M\u00e1ximo Al\u00e1ez Fern\u00e1ndez, member of the %22Asociaci\u00f3n Cultural Chozas de la Sierra%22 (ACCS) in Soto del Real (Madrid)&#8221; image=&#8221;https:\/\/harryrijnen.com\/wp-content\/uploads\/2025\/03\/maximo-alez.png&#8221; _builder_version=&#8221;4.27.4&#8243; _module_preset=&#8221;default&#8221; header_font=&#8221;&#8211;et_global_body_font||||||||&#8221; header_text_color=&#8221;#333333&#8243; header_font_size=&#8221;30px&#8221; body_font=&#8221;||on||||||&#8221; body_text_color=&#8221;#333333&#8243; background_enable_color=&#8221;off&#8221; custom_css_slide_title=&#8221;margin-bottom: 50px&#8221; border_radii_image=&#8221;on|50%|50%|50%|50%&#8221; global_colors_info=&#8221;{}&#8221; sticky_transition=&#8221;on&#8221;]<\/p>\n<p>&#8220;Would you like to take a deep dive into the world of \u2018Moby Dick\u2019, like a sperm whale into the ocean? Do it with Harry as your guide! In his dramatized talk on this masterpiece and its writer, Herman Melville, the great themes of the book acquire their full tragic force: destiny, power, the obsession with vengeance and the struggle between reason and madness. That was our wonderful experience during Harry\u2019s presentation in Soto del Real.<\/p>\n<p>[\/et_pb_slide][et_pb_slide heading=&#8221;Pedro Almagro. Actor. Teacher at the \u2018Escuela Superior de Arte Dram\u00e1tico\u2019 of Castilla y Le\u00f3n.&#8221; image=&#8221;https:\/\/harryrijnen.com\/wp-content\/uploads\/2025\/03\/Pedro-Almagro-scaled.jpg&#8221; _builder_version=&#8221;4.27.4&#8243; _module_preset=&#8221;default&#8221; header_font=&#8221;&#8211;et_global_body_font||||||||&#8221; header_text_color=&#8221;#333333&#8243; header_font_size=&#8221;30px&#8221; body_font=&#8221;||on||||||&#8221; body_text_color=&#8221;#333333&#8243; background_enable_color=&#8221;off&#8221; custom_css_slide_title=&#8221;margin-bottom: 50px&#8221; border_radii_image=&#8221;on|50%|50%|50%|50%&#8221; global_colors_info=&#8221;{}&#8221; sticky_transition=&#8221;on&#8221;]<\/p>\n<p>&#8220;A Renaissance man who surprises us right in the 21<sup>st<\/sup> century. That is the best way to define Harry. His vast historic knowledge and his analytical insights are impressive. That said, his best qualities are his charisma and the friendliness he displays. I have experienced this during many meals and after-dinner conversations we have shared. I hope to share many more!&#8221;<\/p>\n<p>[\/et_pb_slide][et_pb_slide heading=&#8221;Par\u00eds Uki. Head of the School of Social Theater Theater for Inclusion. Community Psychologist.&#8221; image=&#8221;https:\/\/harryrijnen.com\/wp-content\/uploads\/2025\/03\/Paris-Uki.png&#8221; _builder_version=&#8221;4.27.4&#8243; _module_preset=&#8221;default&#8221; header_font=&#8221;&#8211;et_global_body_font||||||||&#8221; header_text_color=&#8221;#333333&#8243; header_font_size=&#8221;30px&#8221; body_font=&#8221;||on||||||&#8221; body_text_color=&#8221;#333333&#8243; background_enable_color=&#8221;off&#8221; custom_css_slide_title=&#8221;margin-bottom: 50px&#8221; border_radii_image=&#8221;on|50%|50%|50%|50%&#8221; global_colors_info=&#8221;{}&#8221; sticky_transition=&#8221;on&#8221;]<\/p>\n<p>&#8220;Harry has participated in my classes of community theatre and improvisation theatre since 2018. He has been a good companion with a positive attitude. In these years of training, he has developed very good skills as an actor and improviser. His \u2018lack of embarrassment\u2019 allows him to explore different forms of acting. When Harry is on stage, he is really present. What I like most about him is his drive to create new projects and to use his training as an actor to develop new social activities.&#8221;<\/p>\n<p>[\/et_pb_slide][et_pb_slide heading=&#8221;Sandra Movilla Gomato. Teacher of Spanish Language and Literature in the CEIPSO \u201cPe\u00f1alta\u201d (State School of Secondary Education) in Buitrago del Lozoya (Madrid)&#8221; image=&#8221;https:\/\/harryrijnen.com\/wp-content\/uploads\/2025\/03\/Sandra-Movilla-Gomato-1.jpeg&#8221; _builder_version=&#8221;4.27.4&#8243; _module_preset=&#8221;default&#8221; header_font=&#8221;&#8211;et_global_body_font||||||||&#8221; header_text_color=&#8221;#333333&#8243; header_font_size=&#8221;30px&#8221; body_font=&#8221;||on||||||&#8221; body_text_color=&#8221;#333333&#8243; background_enable_color=&#8221;off&#8221; custom_css_slide_title=&#8221;margin-bottom: 50px&#8221; border_radii_image=&#8221;on|50%|50%|50%|50%&#8221; global_colors_info=&#8221;{}&#8221; sticky_transition=&#8221;on&#8221;]<\/p>\n<p>&#8220;Harry and I both go to the same Theater of Improvisation classes. In this context, I got to know Harry as a creative person, who knows how to play different roles. This quality allows him to transmit agility and humor in his talks. That\u2019s why I was eager to ask him to come to my school to give his talk on Saint Nicholas. My pupils had a great time, because Harry was very friendly, told them stories and anecdotes they didn\u2019t know, let them participate and took their thoughts very seriously. That\u2019s the right attitude!&#8221;<\/p>\n<p>[\/et_pb_slide][\/et_pb_slider][\/et_pb_column][\/et_pb_row][\/et_pb_section][et_pb_section fb_built=&#8221;1&#8243; disabled_on=&#8221;on|on|on&#8221; module_id=&#8221;contacto&#8221; _builder_version=&#8221;4.27.2&#8243; _module_preset=&#8221;default&#8221; background_color=&#8221;#ddda2a&#8221; disabled=&#8221;on&#8221; global_colors_info=&#8221;{}&#8221;][et_pb_row column_structure=&#8221;1_2,1_2&#8243; _builder_version=&#8221;4.27.2&#8243; _module_preset=&#8221;default&#8221; global_colors_info=&#8221;{}&#8221;][et_pb_column type=&#8221;1_2&#8243; _builder_version=&#8221;4.27.2&#8243; _module_preset=&#8221;default&#8221; global_colors_info=&#8221;{}&#8221;][et_pb_text _builder_version=&#8221;4.27.2&#8243; _module_preset=&#8221;default&#8221; text_font_size=&#8221;20px&#8221; text_line_height=&#8221;35px&#8221; link_text_color=&#8221;#333333&#8243; global_colors_info=&#8221;{}&#8221; link_text_color__hover_enabled=&#8221;on|hover&#8221; link_text_color__hover=&#8221;#333333&#8243;]<\/p>\n<p>Harry Rijnen<br \/>Tel \/ Whatsapp\/SMS: +34 659 876 72<br \/>Email: <a href=\"mailto:harry@harryrijnen.com\">harry@harryrijnen.com<\/a><\/p>\n<p>[\/et_pb_text][\/et_pb_column][et_pb_column type=&#8221;1_2&#8243; _builder_version=&#8221;4.27.2&#8243; _module_preset=&#8221;default&#8221; global_colors_info=&#8221;{}&#8221;][et_pb_social_media_follow _builder_version=&#8221;4.27.2&#8243; _module_preset=&#8221;default&#8221; global_colors_info=&#8221;{}&#8221;][et_pb_social_media_follow_network social_network=&#8221;facebook&#8221; icon_color=&#8221;#DDDA2A&#8221; use_icon_font_size=&#8221;on&#8221; icon_font_size=&#8221;19px&#8221; _builder_version=&#8221;4.27.2&#8243; _module_preset=&#8221;default&#8221; background_color=&#8221;#FFFFFF&#8221; background_enable_color=&#8221;on&#8221; custom_button=&#8221;on&#8221; border_radii=&#8221;on|50%|50%|50%|50%&#8221; global_colors_info=&#8221;{}&#8221; follow_button=&#8221;off&#8221; url_new_window=&#8221;on&#8221;]facebook[\/et_pb_social_media_follow_network][et_pb_social_media_follow_network social_network=&#8221;youtube&#8221; icon_color=&#8221;#DDDA2A&#8221; use_icon_font_size=&#8221;on&#8221; icon_font_size=&#8221;19px&#8221; _builder_version=&#8221;4.27.2&#8243; _module_preset=&#8221;default&#8221; background_color=&#8221;#FFFFFF&#8221; background_enable_color=&#8221;on&#8221; custom_button=&#8221;on&#8221; border_radii=&#8221;on|50%|50%|50%|50%&#8221; global_colors_info=&#8221;{}&#8221; follow_button=&#8221;off&#8221; url_new_window=&#8221;on&#8221;]youtube[\/et_pb_social_media_follow_network][et_pb_social_media_follow_network social_network=&#8221;twitter&#8221; icon_color=&#8221;#DDDA2A&#8221; use_icon_font_size=&#8221;on&#8221; icon_font_size=&#8221;19px&#8221; _builder_version=&#8221;4.27.2&#8243; _module_preset=&#8221;default&#8221; background_color=&#8221;#FFFFFF&#8221; background_enable_color=&#8221;on&#8221; custom_button=&#8221;on&#8221; border_radii=&#8221;on|50%|50%|50%|50%&#8221; global_colors_info=&#8221;{}&#8221; follow_button=&#8221;off&#8221; url_new_window=&#8221;on&#8221;]twitter[\/et_pb_social_media_follow_network][\/et_pb_social_media_follow][\/et_pb_column][\/et_pb_row][\/et_pb_section]<\/p>\n","protected":false},"excerpt":{"rendered":"<p>Harry Rijnen [xyz-ips snippet=&#8221;polylang&#8221;] Language has always been fundamental to the life of Harry Rijnen (Breda, The Netherlands, 1956). Currently, Harry gives dramatized talks and presentations to teenagers and adults on a range of subjects such as the novel \u2018Moby Dick\u2019, the personality of Erasmus of Rotterdam and the Saint Nicholas Festivity. Interaction with his [&hellip;]<\/p>\n","protected":false},"author":1,"featured_media":0,"parent":0,"menu_order":0,"comment_status":"closed","ping_status":"closed","template":"","meta":{"_et_pb_use_builder":"on","_et_pb_old_content":"","_et_gb_content_width":"","footnotes":""},"class_list":["post-394","page","type-page","status-publish","hentry"],"_links":{"self":[{"href":"https:\/\/harryrijnen.com\/en\/wp-json\/wp\/v2\/pages\/394","targetHints":{"allow":["GET"]}}],"collection":[{"href":"https:\/\/harryrijnen.com\/en\/wp-json\/wp\/v2\/pages"}],"about":[{"href":"https:\/\/harryrijnen.com\/en\/wp-json\/wp\/v2\/types\/page"}],"author":[{"embeddable":true,"href":"https:\/\/harryrijnen.com\/en\/wp-json\/wp\/v2\/users\/1"}],"replies":[{"embeddable":true,"href":"https:\/\/harryrijnen.com\/en\/wp-json\/wp\/v2\/comments?post=394"}],"version-history":[{"count":9,"href":"https:\/\/harryrijnen.com\/en\/wp-json\/wp\/v2\/pages\/394\/revisions"}],"predecessor-version":[{"id":1579,"href":"https:\/\/harryrijnen.com\/en\/wp-json\/wp\/v2\/pages\/394\/revisions\/1579"}],"wp:attachment":[{"href":"https:\/\/harryrijnen.com\/en\/wp-json\/wp\/v2\/media?parent=394"}],"curies":[{"name":"wp","href":"https:\/\/api.w.org\/{rel}","templated":true}]}}